{"id":1624,"date":"2022-06-11T12:06:40","date_gmt":"2022-06-11T12:06:40","guid":{"rendered":"https:\/\/meysut.pusulareklamevi.com.tr\/products\/"},"modified":"2024-03-07T12:51:51","modified_gmt":"2024-03-07T12:51:51","slug":"products","status":"publish","type":"page","link":"https:\/\/www.meysut.com.tr\/en\/products\/","title":{"rendered":"Products"},"content":{"rendered":"\t\t<div data-elementor-type=\"wp-page\" data-elementor-id=\"1624\" class=\"elementor elementor-1624 elementor-478\" data-elementor-post-type=\"page\">\n\t\t\t\t\t\t<section class=\"elementor-section elementor-top-section elementor-element elementor-element-b9b13c5 elementor-section-stretched elementor-section-full_width elementor-section-height-default elementor-section-height-default\" data-id=\"b9b13c5\" data-element_type=\"section\" data-settings=\"{&quot;stretch_section&quot;:&quot;section-stretched&quot;}\">\n\t\t\t\t\t\t<div class=\"elementor-container elementor-column-gap-default\">\n\t\t\t\t\t<div class=\"elementor-column elementor-col-33 elementor-top-column elementor-element elementor-element-c31af7b\" data-id=\"c31af7b\" data-element_type=\"column\">\n\t\t\t<div class=\"elementor-widget-wrap\">\n\t\t\t\t\t\t\t<\/div>\n\t\t<\/div>\n\t\t\t\t<div class=\"elementor-column elementor-col-33 elementor-top-column elementor-element elementor-element-5bc36f09\" data-id=\"5bc36f09\" data-element_type=\"column\">\n\t\t\t<div class=\"elementor-widget-wrap elementor-element-populated\">\n\t\t\t\t\t\t<div class=\"elementor-element elementor-element-614da9c4 elementor-widget elementor-widget-spacer\" data-id=\"614da9c4\" data-element_type=\"widget\" data-widget_type=\"spacer.default\">\n\t\t\t\t<div class=\"elementor-widget-container\">\n\t\t\t\t\t\t\t<div class=\"elementor-spacer\">\n\t\t\t<div class=\"elementor-spacer-inner\"><\/div>\n\t\t<\/div>\n\t\t\t\t\t\t<\/div>\n\t\t\t\t<\/div>\n\t\t\t\t<div class=\"elementor-element elementor-element-0be6d08 elementor-widget elementor-widget-spacer\" data-id=\"0be6d08\" data-element_type=\"widget\" data-widget_type=\"spacer.default\">\n\t\t\t\t<div class=\"elementor-widget-container\">\n\t\t\t\t\t\t\t<div class=\"elementor-spacer\">\n\t\t\t<div class=\"elementor-spacer-inner\"><\/div>\n\t\t<\/div>\n\t\t\t\t\t\t<\/div>\n\t\t\t\t<\/div>\n\t\t\t\t<div class=\"elementor-element elementor-element-32fec1ee text-center elementor-widget elementor-widget-tp-heading-title\" data-id=\"32fec1ee\" data-element_type=\"widget\" data-widget_type=\"tp-heading-title.default\">\n\t\t\t\t<div class=\"elementor-widget-container\">\n\t\t\t\t\t<div class=\"heading heading_style heading_style69fa27c43756d style-1 \" ><div class=\"sub-style \"  ><div class=\"head-title \" > <h2  class=\"heading-title   \"   data-hover=\"The thing that moves us; &lt;br&gt;is the value we place on the miracles of life.\">The thing that moves us; <br>is the value we place on the miracles of life.<span class=\"title-s \">  <\/span><\/h2><\/div><div class=\"sub-heading\"><h3 class=\"heading-sub-title  \"> Produces our products responsibly for your ideas and needs, <br>We aim to do the best for you to lead a healthier life. <\/h3><\/div><\/div><\/div>\t\t\t\t<\/div>\n\t\t\t\t<\/div>\n\t\t\t\t<div class=\"elementor-element elementor-element-001a5a6 elementor-widget elementor-widget-spacer\" data-id=\"001a5a6\" data-element_type=\"widget\" data-widget_type=\"spacer.default\">\n\t\t\t\t<div class=\"elementor-widget-container\">\n\t\t\t\t\t\t\t<div class=\"elementor-spacer\">\n\t\t\t<div class=\"elementor-spacer-inner\"><\/div>\n\t\t<\/div>\n\t\t\t\t\t\t<\/div>\n\t\t\t\t<\/div>\n\t\t\t\t<div class=\"elementor-element elementor-element-1cc23940 elementor-widget elementor-widget-spacer\" data-id=\"1cc23940\" data-element_type=\"widget\" data-widget_type=\"spacer.default\">\n\t\t\t\t<div class=\"elementor-widget-container\">\n\t\t\t\t\t\t\t<div class=\"elementor-spacer\">\n\t\t\t<div class=\"elementor-spacer-inner\"><\/div>\n\t\t<\/div>\n\t\t\t\t\t\t<\/div>\n\t\t\t\t<\/div>\n\t\t\t\t<div class=\"elementor-element elementor-element-01ec5b0 elementor-widget elementor-widget-tp-blog-listout\" data-id=\"01ec5b0\" data-element_type=\"widget\" data-widget_type=\"tp-blog-listout.default\">\n\t\t\t\t<div class=\"elementor-widget-container\">\n\t\t\t\t\t<div id=\"pt-plus-blog-post-list\" class=\"blog-list post69fa27c43ccb8  list-isotope  blog-style-2 hover-image-style-1 layout-style-2 \"  data-layout-type=\"fitRows\"   data-id=\"post69fa27c43ccb8\" data-style=\"style-2\"   dir= data-enable-isotope=\"1\" ><div id=\"post69fa27c43ccb8\" class=\"tp-row post-inner-loop post69fa27c43ccb8 text-center  \"><div class=\"grid-item metro-item  tp-col-lg-4 tp-col-md-4 tp-col-sm-6 tp-col-6  \"><article id=\"post-3689\" class=\"post-3689 post type-post status-publish format-standard has-post-thumbnail hentry category-fruit-flavored-milks category-products-en\">\n\t<div class=\"blog-list-content\">\n\t\t\t\t<div class=\"post-content-image\">\n\t\t\t<a href=\"https:\/\/www.meysut.com.tr\/en\/bella-fruit-drinks\/\">\n\t\t\t\t\t<div class=\"blog-featured-image \">\n\t<span class=\"thumb-wrap\">\n\t\t<img fetchpriority=\"high\" decoding=\"async\" width=\"700\" height=\"700\" src=\"https:\/\/www.meysut.com.tr\/wp-content\/uploads\/2024\/02\/BELLA-TOPLU-PRE-700x700.jpg\" class=\"attachment-tp-image-grid size-tp-image-grid\" alt=\"\" srcset=\"https:\/\/meysut.com.tr\/wp-content\/uploads\/2024\/02\/BELLA-TOPLU-PRE-700x700.jpg 700w, https:\/\/meysut.com.tr\/wp-content\/uploads\/2024\/02\/BELLA-TOPLU-PRE-300x300.jpg 300w, https:\/\/meysut.com.tr\/wp-content\/uploads\/2024\/02\/BELLA-TOPLU-PRE-1024x1024.jpg 1024w, https:\/\/meysut.com.tr\/wp-content\/uploads\/2024\/02\/BELLA-TOPLU-PRE-150x150.jpg 150w, https:\/\/meysut.com.tr\/wp-content\/uploads\/2024\/02\/BELLA-TOPLU-PRE-768x768.jpg 768w, https:\/\/meysut.com.tr\/wp-content\/uploads\/2024\/02\/BELLA-TOPLU-PRE.jpg 1500w\" sizes=\"(max-width: 700px) 100vw, 700px\" \/>\t<\/span>\n\t<\/div>\t\t\t<\/a>\n\t\t\t\t\t<\/div>\n\t\t\t\t<div class=\"post-content-bottom\">\n\t\t\t\t\t\t<div class=\"post-metro-content\">\n\t\t\t\t<h3 class=\"post-title\">\n\t<a href=\"https:\/\/www.meysut.com.tr\/en\/bella-fruit-drinks\/\" class=\"normal\">Bella Fruit Drinks<\/a>\n<\/h3>\t\t\t\t\t\t\t\t\t\t\t<\/div>\n\t\t<\/div>\n\t\t\t\t\t<\/div>\n<\/article>\n<\/div><div class=\"grid-item metro-item  tp-col-lg-4 tp-col-md-4 tp-col-sm-6 tp-col-6  \"><article id=\"post-3182\" class=\"post-3182 post type-post status-publish format-standard has-post-thumbnail hentry category-private-label-en category-products-en\">\n\t<div class=\"blog-list-content\">\n\t\t\t\t<div class=\"post-content-image\">\n\t\t\t<a href=\"https:\/\/www.meysut.com.tr\/en\/private-label-3\/\">\n\t\t\t\t\t<div class=\"blog-featured-image \">\n\t<span class=\"thumb-wrap\">\n\t\t<img decoding=\"async\" width=\"700\" height=\"700\" src=\"https:\/\/www.meysut.com.tr\/wp-content\/uploads\/2022\/08\/private-pre-700x700.jpg\" class=\"attachment-tp-image-grid size-tp-image-grid\" alt=\"\" srcset=\"https:\/\/meysut.com.tr\/wp-content\/uploads\/2022\/08\/private-pre-700x700.jpg 700w, https:\/\/meysut.com.tr\/wp-content\/uploads\/2022\/08\/private-pre-300x300.jpg 300w, https:\/\/meysut.com.tr\/wp-content\/uploads\/2022\/08\/private-pre-1024x1024.jpg 1024w, https:\/\/meysut.com.tr\/wp-content\/uploads\/2022\/08\/private-pre-150x150.jpg 150w, https:\/\/meysut.com.tr\/wp-content\/uploads\/2022\/08\/private-pre-768x768.jpg 768w, https:\/\/meysut.com.tr\/wp-content\/uploads\/2022\/08\/private-pre.jpg 1500w\" sizes=\"(max-width: 700px) 100vw, 700px\" \/>\t<\/span>\n\t<\/div>\t\t\t<\/a>\n\t\t\t\t\t<\/div>\n\t\t\t\t<div class=\"post-content-bottom\">\n\t\t\t\t\t\t<div class=\"post-metro-content\">\n\t\t\t\t<h3 class=\"post-title\">\n\t<a href=\"https:\/\/www.meysut.com.tr\/en\/private-label-3\/\" class=\"normal\">Private Label<\/a>\n<\/h3>\t\t\t\t\t\t\t\t\t\t\t<\/div>\n\t\t<\/div>\n\t\t\t\t\t<\/div>\n<\/article>\n<\/div><div class=\"grid-item metro-item  tp-col-lg-4 tp-col-md-4 tp-col-sm-6 tp-col-6  \"><article id=\"post-2203\" class=\"post-2203 post type-post status-publish format-standard has-post-thumbnail hentry category-long-life-milk category-products-en\">\n\t<div class=\"blog-list-content\">\n\t\t\t\t<div class=\"post-content-image\">\n\t\t\t<a href=\"https:\/\/www.meysut.com.tr\/en\/bolkar-milk\/\">\n\t\t\t\t\t<div class=\"blog-featured-image \">\n\t<span class=\"thumb-wrap\">\n\t\t<img decoding=\"async\" width=\"700\" height=\"700\" src=\"https:\/\/www.meysut.com.tr\/wp-content\/uploads\/2022\/06\/BOLKAR-SUT-700x700.jpg\" class=\"attachment-tp-image-grid size-tp-image-grid\" alt=\"\" srcset=\"https:\/\/meysut.com.tr\/wp-content\/uploads\/2022\/06\/BOLKAR-SUT-700x700.jpg 700w, https:\/\/meysut.com.tr\/wp-content\/uploads\/2022\/06\/BOLKAR-SUT-300x300.jpg 300w, https:\/\/meysut.com.tr\/wp-content\/uploads\/2022\/06\/BOLKAR-SUT-1024x1024.jpg 1024w, https:\/\/meysut.com.tr\/wp-content\/uploads\/2022\/06\/BOLKAR-SUT-150x150.jpg 150w, https:\/\/meysut.com.tr\/wp-content\/uploads\/2022\/06\/BOLKAR-SUT-768x768.jpg 768w, https:\/\/meysut.com.tr\/wp-content\/uploads\/2022\/06\/BOLKAR-SUT.jpg 1500w\" sizes=\"(max-width: 700px) 100vw, 700px\" \/>\t<\/span>\n\t<\/div>\t\t\t<\/a>\n\t\t\t\t\t<\/div>\n\t\t\t\t<div class=\"post-content-bottom\">\n\t\t\t\t\t\t<div class=\"post-metro-content\">\n\t\t\t\t<h3 class=\"post-title\">\n\t<a href=\"https:\/\/www.meysut.com.tr\/en\/bolkar-milk\/\" class=\"normal\">Bolkar Milk<\/a>\n<\/h3>\t\t\t\t\t\t\t\t\t\t\t<\/div>\n\t\t<\/div>\n\t\t\t\t\t<\/div>\n<\/article>\n<\/div><div class=\"grid-item metro-item  tp-col-lg-4 tp-col-md-4 tp-col-sm-6 tp-col-6  \"><article id=\"post-2209\" class=\"post-2209 post type-post status-publish format-standard has-post-thumbnail hentry category-fruit-nectar category-products-en\">\n\t<div class=\"blog-list-content\">\n\t\t\t\t<div class=\"post-content-image\">\n\t\t\t<a href=\"https:\/\/www.meysut.com.tr\/en\/bolkar-fruit-nectar\/\">\n\t\t\t\t\t<div class=\"blog-featured-image \">\n\t<span class=\"thumb-wrap\">\n\t\t<img loading=\"lazy\" decoding=\"async\" width=\"700\" height=\"700\" src=\"https:\/\/www.meysut.com.tr\/wp-content\/uploads\/2022\/06\/Artboard-2-700x700.jpg\" class=\"attachment-tp-image-grid size-tp-image-grid\" alt=\"\" srcset=\"https:\/\/meysut.com.tr\/wp-content\/uploads\/2022\/06\/Artboard-2-700x700.jpg 700w, https:\/\/meysut.com.tr\/wp-content\/uploads\/2022\/06\/Artboard-2-300x300.jpg 300w, https:\/\/meysut.com.tr\/wp-content\/uploads\/2022\/06\/Artboard-2-1024x1024.jpg 1024w, https:\/\/meysut.com.tr\/wp-content\/uploads\/2022\/06\/Artboard-2-150x150.jpg 150w, https:\/\/meysut.com.tr\/wp-content\/uploads\/2022\/06\/Artboard-2-768x768.jpg 768w, https:\/\/meysut.com.tr\/wp-content\/uploads\/2022\/06\/Artboard-2.jpg 1200w\" sizes=\"(max-width: 700px) 100vw, 700px\" \/>\t<\/span>\n\t<\/div>\t\t\t<\/a>\n\t\t\t\t\t<\/div>\n\t\t\t\t<div class=\"post-content-bottom\">\n\t\t\t\t\t\t<div class=\"post-metro-content\">\n\t\t\t\t<h3 class=\"post-title\">\n\t<a href=\"https:\/\/www.meysut.com.tr\/en\/bolkar-fruit-nectar\/\" class=\"normal\">Bolkar Fruit Nectar<\/a>\n<\/h3>\t\t\t\t\t\t\t\t\t\t\t<\/div>\n\t\t<\/div>\n\t\t\t\t\t<\/div>\n<\/article>\n<\/div><div class=\"grid-item metro-item  tp-col-lg-4 tp-col-md-4 tp-col-sm-6 tp-col-6  \"><article id=\"post-2232\" class=\"post-2232 post type-post status-publish format-standard has-post-thumbnail hentry category-fruit-flavored-milks category-products-en\">\n\t<div class=\"blog-list-content\">\n\t\t\t\t<div class=\"post-content-image\">\n\t\t\t<a href=\"https:\/\/www.meysut.com.tr\/en\/bolky-flavored-milk\/\">\n\t\t\t\t\t<div class=\"blog-featured-image \">\n\t<span class=\"thumb-wrap\">\n\t\t<img loading=\"lazy\" decoding=\"async\" width=\"700\" height=\"700\" src=\"https:\/\/www.meysut.com.tr\/wp-content\/uploads\/2022\/06\/Bolky-meyveli-sut-700x700.webp\" class=\"attachment-tp-image-grid size-tp-image-grid\" alt=\"\" srcset=\"https:\/\/meysut.com.tr\/wp-content\/uploads\/2022\/06\/Bolky-meyveli-sut-700x700.webp 700w, https:\/\/meysut.com.tr\/wp-content\/uploads\/2022\/06\/Bolky-meyveli-sut-300x300.webp 300w, https:\/\/meysut.com.tr\/wp-content\/uploads\/2022\/06\/Bolky-meyveli-sut-1024x1024.webp 1024w, https:\/\/meysut.com.tr\/wp-content\/uploads\/2022\/06\/Bolky-meyveli-sut-150x150.webp 150w, https:\/\/meysut.com.tr\/wp-content\/uploads\/2022\/06\/Bolky-meyveli-sut-768x768.webp 768w, https:\/\/meysut.com.tr\/wp-content\/uploads\/2022\/06\/Bolky-meyveli-sut.webp 1200w\" sizes=\"(max-width: 700px) 100vw, 700px\" \/>\t<\/span>\n\t<\/div>\t\t\t<\/a>\n\t\t\t\t\t<\/div>\n\t\t\t\t<div class=\"post-content-bottom\">\n\t\t\t\t\t\t<div class=\"post-metro-content\">\n\t\t\t\t<h3 class=\"post-title\">\n\t<a href=\"https:\/\/www.meysut.com.tr\/en\/bolky-flavored-milk\/\" class=\"normal\">Bolky Flavored Milk<\/a>\n<\/h3>\t\t\t\t\t\t\t\t\t\t\t<\/div>\n\t\t<\/div>\n\t\t\t\t\t<\/div>\n<\/article>\n<\/div><div class=\"grid-item metro-item  tp-col-lg-4 tp-col-md-4 tp-col-sm-6 tp-col-6  \"><article id=\"post-2211\" class=\"post-2211 post type-post status-publish format-standard has-post-thumbnail hentry category-coffee-cream category-products-en\">\n\t<div class=\"blog-list-content\">\n\t\t\t\t<div class=\"post-content-image\">\n\t\t\t<a href=\"https:\/\/www.meysut.com.tr\/en\/crema-cafe\/\">\n\t\t\t\t\t<div class=\"blog-featured-image \">\n\t<span class=\"thumb-wrap\">\n\t\t<img loading=\"lazy\" decoding=\"async\" width=\"700\" height=\"700\" src=\"https:\/\/www.meysut.com.tr\/wp-content\/uploads\/2022\/06\/Artboard-4-700x700.jpg\" class=\"attachment-tp-image-grid size-tp-image-grid\" alt=\"\" srcset=\"https:\/\/meysut.com.tr\/wp-content\/uploads\/2022\/06\/Artboard-4-700x700.jpg 700w, https:\/\/meysut.com.tr\/wp-content\/uploads\/2022\/06\/Artboard-4-300x300.jpg 300w, https:\/\/meysut.com.tr\/wp-content\/uploads\/2022\/06\/Artboard-4-1024x1024.jpg 1024w, https:\/\/meysut.com.tr\/wp-content\/uploads\/2022\/06\/Artboard-4-150x150.jpg 150w, https:\/\/meysut.com.tr\/wp-content\/uploads\/2022\/06\/Artboard-4-768x768.jpg 768w, https:\/\/meysut.com.tr\/wp-content\/uploads\/2022\/06\/Artboard-4.jpg 1200w\" sizes=\"(max-width: 700px) 100vw, 700px\" \/>\t<\/span>\n\t<\/div>\t\t\t<\/a>\n\t\t\t\t\t<\/div>\n\t\t\t\t<div class=\"post-content-bottom\">\n\t\t\t\t\t\t<div class=\"post-metro-content\">\n\t\t\t\t<h3 class=\"post-title\">\n\t<a href=\"https:\/\/www.meysut.com.tr\/en\/crema-cafe\/\" class=\"normal\">Crema Cafe<\/a>\n<\/h3>\t\t\t\t\t\t\t\t\t\t\t<\/div>\n\t\t<\/div>\n\t\t\t\t\t<\/div>\n<\/article>\n<\/div><div class=\"grid-item metro-item  tp-col-lg-4 tp-col-md-4 tp-col-sm-6 tp-col-6  \"><article id=\"post-2213\" class=\"post-2213 post type-post status-publish format-standard has-post-thumbnail hentry category-butter category-products-en\">\n\t<div class=\"blog-list-content\">\n\t\t\t\t<div class=\"post-content-image\">\n\t\t\t<a href=\"https:\/\/www.meysut.com.tr\/en\/bolkar-butter\/\">\n\t\t\t\t\t<div class=\"blog-featured-image \">\n\t<span class=\"thumb-wrap\">\n\t\t<img loading=\"lazy\" decoding=\"async\" width=\"700\" height=\"700\" src=\"https:\/\/www.meysut.com.tr\/wp-content\/uploads\/2022\/06\/BOLKAR-TEREYAG-700x700.jpg\" class=\"attachment-tp-image-grid size-tp-image-grid\" alt=\"\" srcset=\"https:\/\/meysut.com.tr\/wp-content\/uploads\/2022\/06\/BOLKAR-TEREYAG-700x700.jpg 700w, https:\/\/meysut.com.tr\/wp-content\/uploads\/2022\/06\/BOLKAR-TEREYAG-300x300.jpg 300w, https:\/\/meysut.com.tr\/wp-content\/uploads\/2022\/06\/BOLKAR-TEREYAG-1024x1024.jpg 1024w, https:\/\/meysut.com.tr\/wp-content\/uploads\/2022\/06\/BOLKAR-TEREYAG-150x150.jpg 150w, https:\/\/meysut.com.tr\/wp-content\/uploads\/2022\/06\/BOLKAR-TEREYAG-768x768.jpg 768w, https:\/\/meysut.com.tr\/wp-content\/uploads\/2022\/06\/BOLKAR-TEREYAG.jpg 1500w\" sizes=\"(max-width: 700px) 100vw, 700px\" \/>\t<\/span>\n\t<\/div>\t\t\t<\/a>\n\t\t\t\t\t<\/div>\n\t\t\t\t<div class=\"post-content-bottom\">\n\t\t\t\t\t\t<div class=\"post-metro-content\">\n\t\t\t\t<h3 class=\"post-title\">\n\t<a href=\"https:\/\/www.meysut.com.tr\/en\/bolkar-butter\/\" class=\"normal\">Bolkar Butter<\/a>\n<\/h3>\t\t\t\t\t\t\t\t\t\t\t<\/div>\n\t\t<\/div>\n\t\t\t\t\t<\/div>\n<\/article>\n<\/div><div class=\"grid-item metro-item  tp-col-lg-4 tp-col-md-4 tp-col-sm-6 tp-col-6  \"><article id=\"post-2148\" class=\"post-2148 post type-post status-publish format-standard has-post-thumbnail hentry category-cheese category-products-en\">\n\t<div class=\"blog-list-content\">\n\t\t\t\t<div class=\"post-content-image\">\n\t\t\t<a href=\"https:\/\/www.meysut.com.tr\/en\/bolkar-triangle-cheese\/\">\n\t\t\t\t\t<div class=\"blog-featured-image \">\n\t<span class=\"thumb-wrap\">\n\t\t<img loading=\"lazy\" decoding=\"async\" width=\"700\" height=\"700\" src=\"https:\/\/www.meysut.com.tr\/wp-content\/uploads\/2022\/06\/BOLKAR-UCGEN-700x700.jpg\" class=\"attachment-tp-image-grid size-tp-image-grid\" alt=\"\" srcset=\"https:\/\/meysut.com.tr\/wp-content\/uploads\/2022\/06\/BOLKAR-UCGEN-700x700.jpg 700w, https:\/\/meysut.com.tr\/wp-content\/uploads\/2022\/06\/BOLKAR-UCGEN-300x300.jpg 300w, https:\/\/meysut.com.tr\/wp-content\/uploads\/2022\/06\/BOLKAR-UCGEN-1024x1024.jpg 1024w, https:\/\/meysut.com.tr\/wp-content\/uploads\/2022\/06\/BOLKAR-UCGEN-150x150.jpg 150w, https:\/\/meysut.com.tr\/wp-content\/uploads\/2022\/06\/BOLKAR-UCGEN-768x768.jpg 768w, https:\/\/meysut.com.tr\/wp-content\/uploads\/2022\/06\/BOLKAR-UCGEN.jpg 1500w\" sizes=\"(max-width: 700px) 100vw, 700px\" \/>\t<\/span>\n\t<\/div>\t\t\t<\/a>\n\t\t\t\t\t<\/div>\n\t\t\t\t<div class=\"post-content-bottom\">\n\t\t\t\t\t\t<div class=\"post-metro-content\">\n\t\t\t\t<h3 class=\"post-title\">\n\t<a href=\"https:\/\/www.meysut.com.tr\/en\/bolkar-triangle-cheese\/\" class=\"normal\">Bolkar Triangle cheese<\/a>\n<\/h3>\t\t\t\t\t\t\t\t\t\t\t<\/div>\n\t\t<\/div>\n\t\t\t\t\t<\/div>\n<\/article>\n<\/div><div class=\"grid-item metro-item  tp-col-lg-4 tp-col-md-4 tp-col-sm-6 tp-col-6  \"><article id=\"post-2234\" class=\"post-2234 post type-post status-publish format-standard has-post-thumbnail hentry category-fruit-flavored-milks category-products-en\">\n\t<div class=\"blog-list-content\">\n\t\t\t\t<div class=\"post-content-image\">\n\t\t\t<a href=\"https:\/\/www.meysut.com.tr\/en\/chiki-fruit-drinks\/\">\n\t\t\t\t\t<div class=\"blog-featured-image \">\n\t<span class=\"thumb-wrap\">\n\t\t<img loading=\"lazy\" decoding=\"async\" width=\"700\" height=\"700\" src=\"https:\/\/www.meysut.com.tr\/wp-content\/uploads\/2022\/06\/sikirik-meyve-nektari-700x700.webp\" class=\"attachment-tp-image-grid size-tp-image-grid\" alt=\"\" srcset=\"https:\/\/meysut.com.tr\/wp-content\/uploads\/2022\/06\/sikirik-meyve-nektari-700x700.webp 700w, https:\/\/meysut.com.tr\/wp-content\/uploads\/2022\/06\/sikirik-meyve-nektari-300x300.webp 300w, https:\/\/meysut.com.tr\/wp-content\/uploads\/2022\/06\/sikirik-meyve-nektari-1024x1024.webp 1024w, https:\/\/meysut.com.tr\/wp-content\/uploads\/2022\/06\/sikirik-meyve-nektari-150x150.webp 150w, https:\/\/meysut.com.tr\/wp-content\/uploads\/2022\/06\/sikirik-meyve-nektari-768x768.webp 768w, https:\/\/meysut.com.tr\/wp-content\/uploads\/2022\/06\/sikirik-meyve-nektari.webp 1200w\" sizes=\"(max-width: 700px) 100vw, 700px\" \/>\t<\/span>\n\t<\/div>\t\t\t<\/a>\n\t\t\t\t\t<\/div>\n\t\t\t\t<div class=\"post-content-bottom\">\n\t\t\t\t\t\t<div class=\"post-metro-content\">\n\t\t\t\t<h3 class=\"post-title\">\n\t<a href=\"https:\/\/www.meysut.com.tr\/en\/chiki-fruit-drinks\/\" class=\"normal\">Chiki Fruit Drinks<\/a>\n<\/h3>\t\t\t\t\t\t\t\t\t\t\t<\/div>\n\t\t<\/div>\n\t\t\t\t\t<\/div>\n<\/article>\n<\/div><div class=\"grid-item metro-item  tp-col-lg-4 tp-col-md-4 tp-col-sm-6 tp-col-6  \"><article id=\"post-2215\" class=\"post-2215 post type-post status-publish format-standard has-post-thumbnail hentry category-products-en category-yogurt-en\">\n\t<div class=\"blog-list-content\">\n\t\t\t\t<div class=\"post-content-image\">\n\t\t\t<a href=\"https:\/\/www.meysut.com.tr\/en\/bolkar-strained-yogurt\/\">\n\t\t\t\t\t<div class=\"blog-featured-image \">\n\t<span class=\"thumb-wrap\">\n\t\t<img loading=\"lazy\" decoding=\"async\" width=\"700\" height=\"700\" src=\"https:\/\/www.meysut.com.tr\/wp-content\/uploads\/2022\/06\/BOLKAR-TEREYAG-1-700x700.jpg\" class=\"attachment-tp-image-grid size-tp-image-grid\" alt=\"\" srcset=\"https:\/\/meysut.com.tr\/wp-content\/uploads\/2022\/06\/BOLKAR-TEREYAG-1-700x700.jpg 700w, https:\/\/meysut.com.tr\/wp-content\/uploads\/2022\/06\/BOLKAR-TEREYAG-1-300x300.jpg 300w, https:\/\/meysut.com.tr\/wp-content\/uploads\/2022\/06\/BOLKAR-TEREYAG-1-1024x1024.jpg 1024w, https:\/\/meysut.com.tr\/wp-content\/uploads\/2022\/06\/BOLKAR-TEREYAG-1-150x150.jpg 150w, https:\/\/meysut.com.tr\/wp-content\/uploads\/2022\/06\/BOLKAR-TEREYAG-1-768x768.jpg 768w, https:\/\/meysut.com.tr\/wp-content\/uploads\/2022\/06\/BOLKAR-TEREYAG-1.jpg 1500w\" sizes=\"(max-width: 700px) 100vw, 700px\" \/>\t<\/span>\n\t<\/div>\t\t\t<\/a>\n\t\t\t\t\t<\/div>\n\t\t\t\t<div class=\"post-content-bottom\">\n\t\t\t\t\t\t<div class=\"post-metro-content\">\n\t\t\t\t<h3 class=\"post-title\">\n\t<a href=\"https:\/\/www.meysut.com.tr\/en\/bolkar-strained-yogurt\/\" class=\"normal\">Bolkar Strained Yogurt<\/a>\n<\/h3>\t\t\t\t\t\t\t\t\t\t\t<\/div>\n\t\t<\/div>\n\t\t\t\t\t<\/div>\n<\/article>\n<\/div><\/div><\/div>\t\t\t\t<\/div>\n\t\t\t\t<\/div>\n\t\t\t\t\t<\/div>\n\t\t<\/div>\n\t\t\t\t<div class=\"elementor-column elementor-col-33 elementor-top-column elementor-element elementor-element-cacd86e\" data-id=\"cacd86e\" data-element_type=\"column\">\n\t\t\t<div class=\"elementor-widget-wrap\">\n\t\t\t\t\t\t\t<\/div>\n\t\t<\/div>\n\t\t\t\t\t<\/div>\n\t\t<\/section>\n\t\t\t\t<section class=\"elementor-section elementor-top-section elementor-element elementor-element-dae4798 elementor-section-full_width elementor-hidden-mobile elementor-section-height-default elementor-section-height-default\" data-id=\"dae4798\" data-element_type=\"section\">\n\t\t\t\t\t\t<div class=\"elementor-container elementor-column-gap-no\">\n\t\t\t\t\t<div class=\"elementor-column elementor-col-100 elementor-top-column elementor-element elementor-element-89b37e0\" data-id=\"89b37e0\" data-element_type=\"column\">\n\t\t\t<div class=\"elementor-widget-wrap elementor-element-populated\">\n\t\t\t\t\t\t<div class=\"elementor-element elementor-element-7f9d0bb elementor-arrows-position-inside elementor-pagination-position-inside elementor-widget elementor-widget-slides\" data-id=\"7f9d0bb\" data-element_type=\"widget\" data-settings=\"{&quot;navigation&quot;:&quot;both&quot;,&quot;autoplay&quot;:&quot;yes&quot;,&quot;pause_on_hover&quot;:&quot;yes&quot;,&quot;pause_on_interaction&quot;:&quot;yes&quot;,&quot;autoplay_speed&quot;:5000,&quot;infinite&quot;:&quot;yes&quot;,&quot;transition&quot;:&quot;slide&quot;,&quot;transition_speed&quot;:500}\" data-widget_type=\"slides.default\">\n\t\t\t\t<div class=\"elementor-widget-container\">\n\t\t\t\t\t\t\t\t\t<div class=\"elementor-swiper\">\n\t\t\t\t\t<div class=\"elementor-slides-wrapper elementor-main-swiper swiper\" role=\"region\" aria-roledescription=\"carousel\" aria-label=\"Slides\" dir=\"ltr\" data-animation=\"fadeInUp\">\n\t\t\t\t<div class=\"swiper-wrapper elementor-slides\">\n\t\t\t\t\t\t\t\t\t\t<div class=\"elementor-repeater-item-bb49d8b swiper-slide\" role=\"group\" aria-roledescription=\"slide\"><div class=\"swiper-slide-bg\" role=\"img\"><\/div><a class=\"swiper-slide-inner\" href=\"https:\/\/meysut.pusulareklamevi.com.tr\/sikirik-meyveli-icecekler\/\"><div class=\"swiper-slide-contents\"><div class=\"elementor-slide-heading\">Talas \u015e\u0131k\u0131r\u0131k Fruit Drink<\/div><div class=\"elementor-slide-description\">Fun and taste together...<\/div><div  class=\"elementor-button elementor-slide-button elementor-size-xs\">Discover<\/div><\/div><\/a><\/div>\t\t\t\t<\/div>\n\t\t\t\t\t\t\t<\/div>\n\t\t\t\t<\/div>\n\t\t\t\t\t\t\t\t<\/div>\n\t\t\t\t<\/div>\n\t\t\t\t\t<\/div>\n\t\t<\/div>\n\t\t\t\t\t<\/div>\n\t\t<\/section>\n\t\t\t\t<section class=\"elementor-section elementor-top-section elementor-element elementor-element-ba66819 elementor-section-full_width elementor-hidden-desktop elementor-hidden-tablet elementor-section-height-default elementor-section-height-default\" data-id=\"ba66819\" data-element_type=\"section\">\n\t\t\t\t\t\t<div class=\"elementor-container elementor-column-gap-no\">\n\t\t\t\t\t<div class=\"elementor-column elementor-col-100 elementor-top-column elementor-element elementor-element-1444bb0\" data-id=\"1444bb0\" data-element_type=\"column\">\n\t\t\t<div class=\"elementor-widget-wrap elementor-element-populated\">\n\t\t\t\t\t\t<div class=\"elementor-element elementor-element-6116319 elementor-arrows-position-inside elementor-pagination-position-inside elementor-widget elementor-widget-slides\" data-id=\"6116319\" data-element_type=\"widget\" data-settings=\"{&quot;navigation&quot;:&quot;both&quot;,&quot;autoplay&quot;:&quot;yes&quot;,&quot;pause_on_hover&quot;:&quot;yes&quot;,&quot;pause_on_interaction&quot;:&quot;yes&quot;,&quot;autoplay_speed&quot;:5000,&quot;infinite&quot;:&quot;yes&quot;,&quot;transition&quot;:&quot;slide&quot;,&quot;transition_speed&quot;:500}\" data-widget_type=\"slides.default\">\n\t\t\t\t<div class=\"elementor-widget-container\">\n\t\t\t\t\t\t\t\t\t<div class=\"elementor-swiper\">\n\t\t\t\t\t<div class=\"elementor-slides-wrapper elementor-main-swiper swiper\" role=\"region\" aria-roledescription=\"carousel\" aria-label=\"Slides\" dir=\"ltr\" data-animation=\"fadeInUp\">\n\t\t\t\t<div class=\"swiper-wrapper elementor-slides\">\n\t\t\t\t\t\t\t\t\t\t<div class=\"elementor-repeater-item-bb49d8b swiper-slide\" role=\"group\" aria-roledescription=\"slide\"><div class=\"swiper-slide-bg\" role=\"img\"><\/div><a class=\"swiper-slide-inner\" href=\"https:\/\/meysut.pusulareklamevi.com.tr\/sikirik-meyveli-icecekler\/\"><div class=\"swiper-slide-contents\"><div class=\"elementor-slide-heading\">Talas \u015e\u0131k\u0131r\u0131k Fruit Drink<\/div><div class=\"elementor-slide-description\">Fun and taste together...<\/div><div  class=\"elementor-button elementor-slide-button elementor-size-xs\">Discover<\/div><\/div><\/a><\/div>\t\t\t\t<\/div>\n\t\t\t\t\t\t\t<\/div>\n\t\t\t\t<\/div>\n\t\t\t\t\t\t\t\t<\/div>\n\t\t\t\t<\/div>\n\t\t\t\t\t<\/div>\n\t\t<\/div>\n\t\t\t\t\t<\/div>\n\t\t<\/section>\n\t\t\t\t<\/div>\n\t\t","protected":false},"excerpt":{"rendered":"<p>The thing that moves us; is the value we place on the miracles of life. Produces our products responsibly for your ideas and needs, We aim to do the best for you to lead a healthier life. Bella Fruit Drinks Bolkar Milk Bolkar Fruit Nectar Bolky Flavored Milk Crema Cafe Bolkar Butter Bolkar Triangle cheese [&hellip;]<\/p>\n","protected":false},"author":1,"featured_media":0,"parent":0,"menu_order":0,"comment_status":"closed","ping_status":"closed","template":"elementor_header_footer","meta":{"inline_featured_image":false,"footnotes":""},"class_list":["post-1624","page","type-page","status-publish","hentry"],"_links":{"self":[{"href":"https:\/\/www.meysut.com.tr\/en\/wp-json\/wp\/v2\/pages\/1624","targetHints":{"allow":["GET"]}}],"collection":[{"href":"https:\/\/www.meysut.com.tr\/en\/wp-json\/wp\/v2\/pages"}],"about":[{"href":"https:\/\/www.meysut.com.tr\/en\/wp-json\/wp\/v2\/types\/page"}],"author":[{"embeddable":true,"href":"https:\/\/www.meysut.com.tr\/en\/wp-json\/wp\/v2\/users\/1"}],"replies":[{"embeddable":true,"href":"https:\/\/www.meysut.com.tr\/en\/wp-json\/wp\/v2\/comments?post=1624"}],"version-history":[{"count":20,"href":"https:\/\/www.meysut.com.tr\/en\/wp-json\/wp\/v2\/pages\/1624\/revisions"}],"predecessor-version":[{"id":3698,"href":"https:\/\/www.meysut.com.tr\/en\/wp-json\/wp\/v2\/pages\/1624\/revisions\/3698"}],"wp:attachment":[{"href":"https:\/\/www.meysut.com.tr\/en\/wp-json\/wp\/v2\/media?parent=1624"}],"curies":[{"name":"wp","href":"https:\/\/api.w.org\/{rel}","templated":true}]}}